{"id":1244,"date":"2023-05-31T11:41:01","date_gmt":"2023-05-31T09:41:01","guid":{"rendered":"https:\/\/www.instalacionesllorens.com\/declaracio-daccesibilitat\/"},"modified":"2024-03-13T10:27:47","modified_gmt":"2024-03-13T09:27:47","slug":"declaracio-daccesibilitat","status":"publish","type":"page","link":"https:\/\/www.instalacionesllorens.com\/ca\/declaracio-daccesibilitat\/","title":{"rendered":"Declaraci\u00f3 d&#8217;Accesibilitat"},"content":{"rendered":"<p>[et_pb_section fb_built=&#8221;1&#8243; admin_label=&#8221;section&#8221; _builder_version=&#8221;4.16&#8243; global_colors_info=&#8221;{}&#8221;][et_pb_row admin_label=&#8221;row&#8221; _builder_version=&#8221;4.16&#8243; background_size=&#8221;initial&#8221; background_position=&#8221;top_left&#8221; background_repeat=&#8221;repeat&#8221; global_colors_info=&#8221;{}&#8221;][et_pb_column type=&#8221;4_4&#8243; _builder_version=&#8221;4.16&#8243; custom_padding=&#8221;|||&#8221; global_colors_info=&#8221;{}&#8221; custom_padding__hover=&#8221;|||&#8221;][et_pb_post_title meta=&#8221;off&#8221; featured_image=&#8221;off&#8221; _builder_version=&#8221;4.21.0&#8243; _module_preset=&#8221;default&#8221; title_font=&#8221;|800|||||||&#8221; global_colors_info=&#8221;{}&#8221;][\/et_pb_post_title][et_pb_text admin_label=&#8221;Text&#8221; _builder_version=&#8221;4.24.2&#8243; background_size=&#8221;initial&#8221; background_position=&#8221;top_left&#8221; background_repeat=&#8221;repeat&#8221; hover_enabled=&#8221;0&#8243; global_colors_info=&#8221;{}&#8221; sticky_enabled=&#8221;0&#8243;]<\/p>\n<p><strong>Oscar Llorens Guasch (Instal\u00b7lacions i Serveis Llorens)<\/strong> s&#8217;ha comprom\u00e8s a fer accessible el vostre lloc web de conformitat amb el Reial Decret 1112\/2018, de 7 de setembre, sobre accessibilitat dels llocs web i aplicacions per a dispositius m\u00f2bils del sector p\u00fablic.<\/p>\n<p>Opcions d&#8217;accessibilitat disponibles al men\u00fa desplegable a la part superior del lateral esquerre de la web:<\/p>\n<p><img loading=\"lazy\" decoding=\"async\" class=\"aligncenter size-full wp-image-586\" src=\"https:\/\/www.uniserveisvidal.com\/wp-content\/uploads\/2023\/04\/accesibilidad.jpg\" sizes=\"(max-width: 245px) 100vw, 245px\" srcset=\"https:\/\/www.uniserveisvidal.com\/wp-content\/uploads\/2023\/04\/accesibilidad.jpg 245w, https:\/\/www.uniserveisvidal.com\/wp-content\/uploads\/2023\/04\/accesibilidad-159x300.jpg 159w\" alt=\"Declaraci\u00f3n de Accesibilidad...\" width=\"245\" height=\"463\" \/><\/p>\n<p>Aquesta declaraci\u00f3 d&#8217;accessibilitat s&#8217;aplica al lloc web <a href=\"https:\/\/www.instalacionesllorens.com\">https:\/\/www.instalacionesllorens.com<\/a><\/p>\n<p><strong>Situaci\u00f3 de compliment<\/strong><br \/>Aquest lloc web \u00e9s parcialment conforme amb el RD 1112\/2018 a causa de les excepcions i la manca de conformitat dels aspectes que s&#8217;indiquen a continuaci\u00f3.<\/p>\n<p><strong>Contingut no accessible<\/strong><br \/>El contingut que es recull a continuaci\u00f3 no \u00e9s accessible pel seg\u00fcent:<\/p>\n<p><strong>Manca de conformitat amb el RD 1112\/2018<\/strong><\/p>\n<ul>\n<li>Hi ha elements que no s\u00f3n accessibles per teclat.<\/li>\n<li>Hi ha elements que no reben el focus.<\/li>\n<li>Hi ha camps de formularis on s&#8217;informa de l&#8217;error quan s&#8217;introdueix un valor incorrecte per\u00f2 no s&#8217;informa d&#8217;un suggeriment per a la correcci\u00f3.<\/li>\n<li>Hi ha p\u00e0gines on els productes de suport no podran obtenir informaci\u00f3, interactuar i estar al corrent de l&#8217;estat dels controls d&#8217;interf\u00edcie d&#8217;usuari, com ara missatges d&#8217;ajuda, missatges d&#8217;estat de resultat d&#8217;accions, atributs d&#8217;enlla\u00e7os , imatge d&#8217;idioma de p\u00e0gina\u2026 que no podran ser llegit per lectors de pantalla al moment en qu\u00e8 apareixen.<\/li>\n<li>Podrien haver-hi errors puntuals d&#8217;edici\u00f3 en alguna p\u00e0gina web.<\/li>\n<\/ul>\n<p><strong>Preparaci\u00f3 d&#8217;aquesta declaraci\u00f3 d&#8217;accessibilitat<\/strong><br \/>Aquesta declaraci\u00f3 va ser preparada el 09 de mar\u00e7 de 2023.<br \/>El m\u00e8tode emprat per preparar la declaraci\u00f3 ha estat una autoavaluaci\u00f3.<\/p>\n<p><strong>Observacions i dades de contacte<\/strong><br \/>Podeu realitzar comunicacions sobre requisits d&#8217;accessibilitat (article 10.2.a) del RD 1112\/2018) com per exemple:<\/p>\n<p>Informar sobre qualsevol possible incompliment per part d&#8217;aquest lloc web<br \/>Transmetre altres dificultats d&#8217;acc\u00e9s al contingut<br \/>Formular qualsevol altra consulta o suggeriment de millora relativa a l&#8217;accessibilitat del lloc web<\/p>\n<p>A trav\u00e9s del mail\u00a0<a href=\"mailto:info@construccionesllorens.com\">info@construccionesllorens.com<\/a>.<\/p>\n<p><strong>Contingut opcional<\/strong><br \/>Aquest lloc web aplica els requisits de la Norma UNE-EN 301549:2022 considerant les excepcions del RD 1112\/2018.<br \/>La darrera revisi\u00f3 de l&#8217;accessibilitat s&#8217;ha fet el mar\u00e7 del 2023.<br \/>El lloc web est\u00e0 optimitzat per als navegadors Microsoft Internet Explorer 8.0 o versions superiors i les darreres versions vigents de FireFox, Safari, Opera i Google Chrome.<br \/>La resoluci\u00f3 web m\u00ednima recomanada \u00e9s de 1280\u00d71024.<br \/>El lloc web est\u00e0 dissenyat per a la seva visualitzaci\u00f3 Responsive, de manera que es visualitza de forma \u00f2ptima en els dispositius tablet i m\u00f2bils. En aquests dispositius est\u00e0 optimitzat per visualitzar-lo en les \u00faltimes versions vigents de Chrome for mobile, Firefox for mobile, Safari mobile, Opera Mini i navegador nadiu d&#8217;Android.<\/p>\n<p>[\/et_pb_text][\/et_pb_column][\/et_pb_row][\/et_pb_section]<\/p>\n","protected":false},"excerpt":{"rendered":"<p>Oscar Llorens Guasch (Instal\u00b7lacions i Serveis Llorens) s&#8217;ha comprom\u00e8s a fer accessible el vostre lloc web de conformitat amb el Reial Decret 1112\/2018, de 7 de setembre, sobre accessibilitat dels llocs web i aplicacions per a dispositius m\u00f2bils del sector p\u00fablic. Opcions d&#8217;accessibilitat disponibles al men\u00fa desplegable a la part superior del lateral esquerre de [&hellip;]<\/p>\n","protected":false},"author":1,"featured_media":0,"parent":0,"menu_order":0,"comment_status":"closed","ping_status":"closed","template":"","meta":{"_et_pb_use_builder":"on","_et_pb_old_content":"","_et_gb_content_width":"","_joinchat":[],"footnotes":""},"class_list":["post-1244","page","type-page","status-publish","hentry"],"yoast_head":"<!-- This site is optimized with the Yoast SEO plugin v27.4 - https:\/\/yoast.com\/product\/yoast-seo-wordpress\/ -->\n<title>Declaraci\u00f3 d&#039;Accesibilitat - Reformas y Servicios Llorens<\/title>\n<meta name=\"robots\" content=\"index, follow, max-snippet:-1, max-image-preview:large, max-video-preview:-1\" \/>\n<link rel=\"canonical\" href=\"https:\/\/www.instalacionesllorens.com\/ca\/declaracio-daccesibilitat\/\" \/>\n<meta property=\"og:locale\" content=\"ca_ES\" \/>\n<meta property=\"og:type\" content=\"article\" \/>\n<meta property=\"og:title\" content=\"Declaraci\u00f3 d&#039;Accesibilitat - Reformas y Servicios Llorens\" \/>\n<meta property=\"og:description\" content=\"Oscar Llorens Guasch (Instal\u00b7lacions i Serveis Llorens) s&#039;ha comprom\u00e8s a fer accessible el vostre lloc web de conformitat amb el Reial Decret 1112\/2018, de 7 de setembre, sobre accessibilitat dels llocs web i aplicacions per a dispositius m\u00f2bils del sector p\u00fablic. Opcions d&#039;accessibilitat disponibles al men\u00fa desplegable a la part superior del lateral esquerre de [&hellip;]\" \/>\n<meta property=\"og:url\" content=\"https:\/\/www.instalacionesllorens.com\/ca\/declaracio-daccesibilitat\/\" \/>\n<meta property=\"og:site_name\" content=\"Reformas y Servicios Llorens\" \/>\n<meta property=\"article:publisher\" content=\"https:\/\/www.facebook.com\/instalacions.llorens\" \/>\n<meta property=\"article:modified_time\" content=\"2024-03-13T09:27:47+00:00\" \/>\n<meta property=\"og:image\" content=\"https:\/\/www.uniserveisvidal.com\/wp-content\/uploads\/2023\/04\/accesibilidad.jpg\" \/>\n<meta name=\"twitter:card\" content=\"summary_large_image\" \/>\n<meta name=\"twitter:label1\" content=\"Temps estimat de lectura\" \/>\n\t<meta name=\"twitter:data1\" content=\"3 minuts\" \/>\n<script type=\"application\/ld+json\" class=\"yoast-schema-graph\">{\"@context\":\"https:\\\/\\\/schema.org\",\"@graph\":[{\"@type\":\"WebPage\",\"@id\":\"https:\\\/\\\/www.instalacionesllorens.com\\\/ca\\\/declaracio-daccesibilitat\\\/\",\"url\":\"https:\\\/\\\/www.instalacionesllorens.com\\\/ca\\\/declaracio-daccesibilitat\\\/\",\"name\":\"Declaraci\u00f3 d'Accesibilitat - Reformas y Servicios Llorens\",\"isPartOf\":{\"@id\":\"https:\\\/\\\/www.instalacionesllorens.com\\\/ca\\\/#website\"},\"primaryImageOfPage\":{\"@id\":\"https:\\\/\\\/www.instalacionesllorens.com\\\/ca\\\/declaracio-daccesibilitat\\\/#primaryimage\"},\"image\":{\"@id\":\"https:\\\/\\\/www.instalacionesllorens.com\\\/ca\\\/declaracio-daccesibilitat\\\/#primaryimage\"},\"thumbnailUrl\":\"https:\\\/\\\/www.uniserveisvidal.com\\\/wp-content\\\/uploads\\\/2023\\\/04\\\/accesibilidad.jpg\",\"datePublished\":\"2023-05-31T09:41:01+00:00\",\"dateModified\":\"2024-03-13T09:27:47+00:00\",\"breadcrumb\":{\"@id\":\"https:\\\/\\\/www.instalacionesllorens.com\\\/ca\\\/declaracio-daccesibilitat\\\/#breadcrumb\"},\"inLanguage\":\"ca\",\"potentialAction\":[{\"@type\":\"ReadAction\",\"target\":[\"https:\\\/\\\/www.instalacionesllorens.com\\\/ca\\\/declaracio-daccesibilitat\\\/\"]}]},{\"@type\":\"ImageObject\",\"inLanguage\":\"ca\",\"@id\":\"https:\\\/\\\/www.instalacionesllorens.com\\\/ca\\\/declaracio-daccesibilitat\\\/#primaryimage\",\"url\":\"https:\\\/\\\/www.uniserveisvidal.com\\\/wp-content\\\/uploads\\\/2023\\\/04\\\/accesibilidad.jpg\",\"contentUrl\":\"https:\\\/\\\/www.uniserveisvidal.com\\\/wp-content\\\/uploads\\\/2023\\\/04\\\/accesibilidad.jpg\"},{\"@type\":\"BreadcrumbList\",\"@id\":\"https:\\\/\\\/www.instalacionesllorens.com\\\/ca\\\/declaracio-daccesibilitat\\\/#breadcrumb\",\"itemListElement\":[{\"@type\":\"ListItem\",\"position\":1,\"name\":\"Portada\",\"item\":\"https:\\\/\\\/www.instalacionesllorens.com\\\/ca\\\/\"},{\"@type\":\"ListItem\",\"position\":2,\"name\":\"Declaraci\u00f3 d&#8217;Accesibilitat\"}]},{\"@type\":\"WebSite\",\"@id\":\"https:\\\/\\\/www.instalacionesllorens.com\\\/ca\\\/#website\",\"url\":\"https:\\\/\\\/www.instalacionesllorens.com\\\/ca\\\/\",\"name\":\"Instal\u00b7lacions i Serveis Llorens\",\"description\":\"Electricista en el Baix Pened\u00e9s. Reformas, instalaciones y servicios.\",\"publisher\":{\"@id\":\"https:\\\/\\\/www.instalacionesllorens.com\\\/ca\\\/#organization\"},\"alternateName\":\"Instalaciones y Servicios Llorens\",\"potentialAction\":[{\"@type\":\"SearchAction\",\"target\":{\"@type\":\"EntryPoint\",\"urlTemplate\":\"https:\\\/\\\/www.instalacionesllorens.com\\\/ca\\\/?s={search_term_string}\"},\"query-input\":{\"@type\":\"PropertyValueSpecification\",\"valueRequired\":true,\"valueName\":\"search_term_string\"}}],\"inLanguage\":\"ca\"},{\"@type\":\"Organization\",\"@id\":\"https:\\\/\\\/www.instalacionesllorens.com\\\/ca\\\/#organization\",\"name\":\"Instal\u00b7lacions i Serveis Llorens\",\"alternateName\":\"Instalaciones y Servicios Llorens\",\"url\":\"https:\\\/\\\/www.instalacionesllorens.com\\\/ca\\\/\",\"logo\":{\"@type\":\"ImageObject\",\"inLanguage\":\"ca\",\"@id\":\"https:\\\/\\\/www.instalacionesllorens.com\\\/ca\\\/#\\\/schema\\\/logo\\\/image\\\/\",\"url\":\"https:\\\/\\\/www.instalacionesllorens.com\\\/wp-content\\\/uploads\\\/2023\\\/05\\\/favicon.png\",\"contentUrl\":\"https:\\\/\\\/www.instalacionesllorens.com\\\/wp-content\\\/uploads\\\/2023\\\/05\\\/favicon.png\",\"width\":512,\"height\":512,\"caption\":\"Instal\u00b7lacions i Serveis Llorens\"},\"image\":{\"@id\":\"https:\\\/\\\/www.instalacionesllorens.com\\\/ca\\\/#\\\/schema\\\/logo\\\/image\\\/\"},\"sameAs\":[\"https:\\\/\\\/www.facebook.com\\\/instalacions.llorens\"]}]}<\/script>\n<!-- \/ Yoast SEO plugin. -->","yoast_head_json":{"title":"Declaraci\u00f3 d'Accesibilitat - Reformas y Servicios Llorens","robots":{"index":"index","follow":"follow","max-snippet":"max-snippet:-1","max-image-preview":"max-image-preview:large","max-video-preview":"max-video-preview:-1"},"canonical":"https:\/\/www.instalacionesllorens.com\/ca\/declaracio-daccesibilitat\/","og_locale":"ca_ES","og_type":"article","og_title":"Declaraci\u00f3 d'Accesibilitat - Reformas y Servicios Llorens","og_description":"Oscar Llorens Guasch (Instal\u00b7lacions i Serveis Llorens) s'ha comprom\u00e8s a fer accessible el vostre lloc web de conformitat amb el Reial Decret 1112\/2018, de 7 de setembre, sobre accessibilitat dels llocs web i aplicacions per a dispositius m\u00f2bils del sector p\u00fablic. Opcions d'accessibilitat disponibles al men\u00fa desplegable a la part superior del lateral esquerre de [&hellip;]","og_url":"https:\/\/www.instalacionesllorens.com\/ca\/declaracio-daccesibilitat\/","og_site_name":"Reformas y Servicios Llorens","article_publisher":"https:\/\/www.facebook.com\/instalacions.llorens","article_modified_time":"2024-03-13T09:27:47+00:00","og_image":[{"url":"https:\/\/www.uniserveisvidal.com\/wp-content\/uploads\/2023\/04\/accesibilidad.jpg","type":"","width":"","height":""}],"twitter_card":"summary_large_image","twitter_misc":{"Temps estimat de lectura":"3 minuts"},"schema":{"@context":"https:\/\/schema.org","@graph":[{"@type":"WebPage","@id":"https:\/\/www.instalacionesllorens.com\/ca\/declaracio-daccesibilitat\/","url":"https:\/\/www.instalacionesllorens.com\/ca\/declaracio-daccesibilitat\/","name":"Declaraci\u00f3 d'Accesibilitat - Reformas y Servicios Llorens","isPartOf":{"@id":"https:\/\/www.instalacionesllorens.com\/ca\/#website"},"primaryImageOfPage":{"@id":"https:\/\/www.instalacionesllorens.com\/ca\/declaracio-daccesibilitat\/#primaryimage"},"image":{"@id":"https:\/\/www.instalacionesllorens.com\/ca\/declaracio-daccesibilitat\/#primaryimage"},"thumbnailUrl":"https:\/\/www.uniserveisvidal.com\/wp-content\/uploads\/2023\/04\/accesibilidad.jpg","datePublished":"2023-05-31T09:41:01+00:00","dateModified":"2024-03-13T09:27:47+00:00","breadcrumb":{"@id":"https:\/\/www.instalacionesllorens.com\/ca\/declaracio-daccesibilitat\/#breadcrumb"},"inLanguage":"ca","potentialAction":[{"@type":"ReadAction","target":["https:\/\/www.instalacionesllorens.com\/ca\/declaracio-daccesibilitat\/"]}]},{"@type":"ImageObject","inLanguage":"ca","@id":"https:\/\/www.instalacionesllorens.com\/ca\/declaracio-daccesibilitat\/#primaryimage","url":"https:\/\/www.uniserveisvidal.com\/wp-content\/uploads\/2023\/04\/accesibilidad.jpg","contentUrl":"https:\/\/www.uniserveisvidal.com\/wp-content\/uploads\/2023\/04\/accesibilidad.jpg"},{"@type":"BreadcrumbList","@id":"https:\/\/www.instalacionesllorens.com\/ca\/declaracio-daccesibilitat\/#breadcrumb","itemListElement":[{"@type":"ListItem","position":1,"name":"Portada","item":"https:\/\/www.instalacionesllorens.com\/ca\/"},{"@type":"ListItem","position":2,"name":"Declaraci\u00f3 d&#8217;Accesibilitat"}]},{"@type":"WebSite","@id":"https:\/\/www.instalacionesllorens.com\/ca\/#website","url":"https:\/\/www.instalacionesllorens.com\/ca\/","name":"Instal\u00b7lacions i Serveis Llorens","description":"Electricista en el Baix Pened\u00e9s. Reformas, instalaciones y servicios.","publisher":{"@id":"https:\/\/www.instalacionesllorens.com\/ca\/#organization"},"alternateName":"Instalaciones y Servicios Llorens","potentialAction":[{"@type":"SearchAction","target":{"@type":"EntryPoint","urlTemplate":"https:\/\/www.instalacionesllorens.com\/ca\/?s={search_term_string}"},"query-input":{"@type":"PropertyValueSpecification","valueRequired":true,"valueName":"search_term_string"}}],"inLanguage":"ca"},{"@type":"Organization","@id":"https:\/\/www.instalacionesllorens.com\/ca\/#organization","name":"Instal\u00b7lacions i Serveis Llorens","alternateName":"Instalaciones y Servicios Llorens","url":"https:\/\/www.instalacionesllorens.com\/ca\/","logo":{"@type":"ImageObject","inLanguage":"ca","@id":"https:\/\/www.instalacionesllorens.com\/ca\/#\/schema\/logo\/image\/","url":"https:\/\/www.instalacionesllorens.com\/wp-content\/uploads\/2023\/05\/favicon.png","contentUrl":"https:\/\/www.instalacionesllorens.com\/wp-content\/uploads\/2023\/05\/favicon.png","width":512,"height":512,"caption":"Instal\u00b7lacions i Serveis Llorens"},"image":{"@id":"https:\/\/www.instalacionesllorens.com\/ca\/#\/schema\/logo\/image\/"},"sameAs":["https:\/\/www.facebook.com\/instalacions.llorens"]}]}},"_links":{"self":[{"href":"https:\/\/www.instalacionesllorens.com\/ca\/wp-json\/wp\/v2\/pages\/1244","targetHints":{"allow":["GET"]}}],"collection":[{"href":"https:\/\/www.instalacionesllorens.com\/ca\/wp-json\/wp\/v2\/pages"}],"about":[{"href":"https:\/\/www.instalacionesllorens.com\/ca\/wp-json\/wp\/v2\/types\/page"}],"author":[{"embeddable":true,"href":"https:\/\/www.instalacionesllorens.com\/ca\/wp-json\/wp\/v2\/users\/1"}],"replies":[{"embeddable":true,"href":"https:\/\/www.instalacionesllorens.com\/ca\/wp-json\/wp\/v2\/comments?post=1244"}],"version-history":[{"count":9,"href":"https:\/\/www.instalacionesllorens.com\/ca\/wp-json\/wp\/v2\/pages\/1244\/revisions"}],"predecessor-version":[{"id":1894,"href":"https:\/\/www.instalacionesllorens.com\/ca\/wp-json\/wp\/v2\/pages\/1244\/revisions\/1894"}],"wp:attachment":[{"href":"https:\/\/www.instalacionesllorens.com\/ca\/wp-json\/wp\/v2\/media?parent=1244"}],"curies":[{"name":"wp","href":"https:\/\/api.w.org\/{rel}","templated":true}]}}